{"id":1118,"date":"2019-04-15T12:41:45","date_gmt":"2019-04-15T12:41:45","guid":{"rendered":"http:\/\/modelsconf19.org\/?page_id=1118"},"modified":"2019-06-07T09:58:28","modified_gmt":"2019-06-07T09:58:28","slug":"doctoralsymposium","status":"publish","type":"page","link":"https:\/\/modelsconf19.org\/?page_id=1118","title":{"rendered":"DoctoralSymposium"},"content":{"rendered":"<div class=\"fusion-fullwidth fullwidth-box nonhundred-percent-fullwidth non-hundred-percent-height-scrolling\"  style='background-color: rgba(255,255,255,0);background-position: center center;background-repeat: no-repeat;padding-top:0px;padding-right:0px;padding-bottom:0px;padding-left:0px;'><div class=\"fusion-builder-row fusion-row \"><div  class=\"fusion-layout-column fusion_builder_column fusion_builder_column_1_1 fusion-builder-column-1 fusion-one-full fusion-column-first fusion-column-last 1_1\"  style='margin-top:0px;margin-bottom:0px;'>\n\t\t\t\t\t<div class=\"fusion-column-wrapper\" style=\"padding: 0px 0px 0px 0px;background-position:left top;background-repeat:no-repeat;-webkit-background-size:cover;-moz-background-size:cover;-o-background-size:cover;background-size:cover;\"   data-bg-url=\"\">\n\t\t\t\t\t\t<div class=\"fusion-text\"><h1><strong>Call for Doctoral Symposium Contributions<\/strong><\/h1>\n<p>The goal of the MODELS 2019 Doctoral Symposium is to provide an international forum for doctoral students to interact with their fellow students and faculty mentors working in the area of model-driven engineering. The symposium supports students by providing independent and constructive feedback about their already completed and, more importantly, planned research work. The Symposium will be attended by prominent experts in the field of model-driven engineering, who will actively participate in critical and constructive discussions.<\/p>\n<p>The doctoral symposium will have the format of a one-day workshop, with presentations of the doctoral students who have their paper accepted in a peer-review process, feedback from the mentors, and plenty of time for discussion. The presentations will be open for mentors, students, and other conference participants; only supervisors of the presenters are excluded from the sessions in which their students deliver their presentation.<\/p>\n<h2><strong>Submission Guidelines<\/strong><\/h2>\n<p>Submissions (exclusively authored by the doctoral student) are invited from students who have settled on a doctoral dissertation topic, but are still sufficiently far away from completion to be able to take full advantage of the given feedback.<\/p>\n<p>Submissions should present research in progress that is intended to lead to a doctoral dissertation, using the following structure:<\/p>\n<ul>\n<li>Problem: The problem the research intends to solve, the target audience of this research, and a motivation of why the problem is important and needs to be solved.<\/li>\n<li>Related work: A review of the relevant related work, with an emphasis on how the proposed approach is different and what advantages it has over the existing state of the art.<\/li>\n<li>Proposed solution: A description of the proposed solution and which other work (e.g., methods or tools) it depends on.<\/li>\n<li>Plan for evaluation and validation: A description of how it will be shown that the work does indeed solve the targeted problem and is superior to the existing state of the art (e.g., prototyping, industry case studies, user studies, experiments).<\/li>\n<li>Expected contributions: A list of the expected contributions to both theory and practice.<\/li>\n<li>Current status: A description of the work to-date, results achieved so far and a proposed planned timeline for completion.<\/li>\n<\/ul>\n<p>Submissions must not exceed five (5) pages plus two (2) pages for references. Submissions must adhere to the IEEE formatting instructions, which can be found at<\/p>\n<p><a href=\"https:\/\/www.ieee.org\/conferences\/publishing\/templates.html\">https:\/\/www.ieee.org\/conferences\/publishing\/templates.html<\/a><\/p>\n<p>All papers have to be submitted electronically in PDF format. The submission page for Doctoral Symposium @MODELS\u201919 is through <a href=\"https:\/\/easychair.org\/conferences\/?conf=models2019\">Easychair<\/a>.<\/p>\n<p>All accepted submissions will be available via IEEE Xplore Digital Library.<\/p>\n<h2><strong>Important Dates<\/strong><\/h2>\n<p>All submission deadlines are AoE (i.e. UTC-12).<\/p>\n<ul>\n<li>Abstract Submission: June 10, 2019<\/li>\n<li>Paper Submission: June 17, 2019<\/li>\n<li>Acceptance Notification: July 25, 2019<\/li>\n<li>Camera Ready: August 1, 2019<\/li>\n<li>Doctoral Symposium: Tuesday, September 17, 2019 (tentative)<\/li>\n<\/ul>\n<h2><strong>Selection Committee<br \/>\n<\/strong><\/h2>\n<ul>\n<li>Silvia Abrah\u00e3o, Universitat Polit\u00e8cnica de Val\u00e8ncia (Spain)<\/li>\n<li>Mark van den Brand, Eindhoven University of Technology (The\u00a0 Netherlands)<\/li>\n<li>Ruth Breu, Universit\u00e4t Innsbruck (Austria)<\/li>\n<li>Marsha Chechik, University of Toronto (Canada)<\/li>\n<li>Betty Cheng, Michigan State University (USA)<\/li>\n<li>Antonio Cicchetti, M\u00e4lardalen University (Sweden)<\/li>\n<li>Peter Clarke, Florida International University (USA)<\/li>\n<li>Benoit Combemale, University of Toulouse (France)<\/li>\n<li>Jeff Gray, University of Alabama (USA)<\/li>\n<li>Joel Greenyer, Leibniz Universit\u00e4t Hannover (Germany)<\/li>\n<li>Richard Paige, University of York (UK)<\/li>\n<li>Alfonso Pierantonio, University of L\u2019Aquila (Italy)<\/li>\n<li>Gabriele Taentzer, Universit\u00e4t Marburg (Germany)<\/li>\n<li>Matthias Tichy, Ulm University (Germany)<\/li>\n<li>Antonio Vallecillo, University of Malaga (Spain)<\/li>\n<li>Hans Vangheluwe, University of Antwerp and McGill University (Belgium, Canada)<\/li>\n<\/ul>\n<h2><strong>Organizers<\/strong><\/h2>\n<ul>\n<li>Gregor Engels, Paderborn University (Germany)<\/li>\n<li>Gerti Kappel, Technical University of Vienna (Austria)<\/li>\n<\/ul>\n<\/div><div class=\"fusion-clearfix\"><\/div>\n\n\t\t\t\t\t<\/div>\n\t\t\t\t<\/div><\/div><\/div>\n","protected":false},"excerpt":{"rendered":"","protected":false},"author":2,"featured_media":0,"parent":0,"menu_order":0,"comment_status":"closed","ping_status":"closed","template":"","meta":{"footnotes":""},"_links":{"self":[{"href":"https:\/\/modelsconf19.org\/index.php?rest_route=\/wp\/v2\/pages\/1118"}],"collection":[{"href":"https:\/\/modelsconf19.org\/index.php?rest_route=\/wp\/v2\/pages"}],"about":[{"href":"https:\/\/modelsconf19.org\/index.php?rest_route=\/wp\/v2\/types\/page"}],"author":[{"embeddable":true,"href":"https:\/\/modelsconf19.org\/index.php?rest_route=\/wp\/v2\/users\/2"}],"replies":[{"embeddable":true,"href":"https:\/\/modelsconf19.org\/index.php?rest_route=%2Fwp%2Fv2%2Fcomments&post=1118"}],"version-history":[{"count":4,"href":"https:\/\/modelsconf19.org\/index.php?rest_route=\/wp\/v2\/pages\/1118\/revisions"}],"predecessor-version":[{"id":1292,"href":"https:\/\/modelsconf19.org\/index.php?rest_route=\/wp\/v2\/pages\/1118\/revisions\/1292"}],"wp:attachment":[{"href":"https:\/\/modelsconf19.org\/index.php?rest_route=%2Fwp%2Fv2%2Fmedia&parent=1118"}],"curies":[{"name":"wp","href":"https:\/\/api.w.org\/{rel}","templated":true}]}}