{"id":664,"date":"2019-01-14T13:51:47","date_gmt":"2019-01-14T13:51:47","guid":{"rendered":"http:\/\/modelsconf19.org\/?page_id=664"},"modified":"2019-07-02T14:35:22","modified_gmt":"2019-07-02T14:35:22","slug":"about-munich","status":"publish","type":"page","link":"https:\/\/modelsconf19.org\/?page_id=664","title":{"rendered":"About Munich"},"content":{"rendered":"<div class=\"fusion-fullwidth fullwidth-box nonhundred-percent-fullwidth non-hundred-percent-height-scrolling\"  style='background-color: rgba(255,255,255,0);background-position: center center;background-repeat: no-repeat;padding-top:0px;padding-right:0px;padding-bottom:0px;padding-left:0px;'><div class=\"fusion-builder-row fusion-row \"><div  class=\"fusion-layout-column fusion_builder_column fusion_builder_column_1_1 fusion-builder-column-1 fusion-one-full fusion-column-first fusion-column-last 1_1\"  style='margin-top:0px;margin-bottom:0px;'>\n\t\t\t\t\t<div class=\"fusion-column-wrapper\" style=\"padding: 0px 0px 0px 0px;background-position:left top;background-repeat:no-repeat;-webkit-background-size:cover;-moz-background-size:cover;-o-background-size:cover;background-size:cover;\"   data-bg-url=\"\">\n\t\t\t\t\t\t<div class=\"fusion-text\"><h1><strong>About Munich&#8230;<\/strong><\/h1>\n<p class=\"speakable-paragraph\">Monocle, the urbane\u00a0lifestyle magazine founded in 2007, has named Munich, Germany the most livable city in the world in 2018. In this twelfth edition of its Quality of Life Survey, Monocle scoured the globe for cities, big and small, that combine healthy work-life balances with happy residents and effective public services. Munich jumps up from third place in 2017, replacing Tokyo in the top spot in this year\u2019s survey.<\/p>\n<p>Munich strikes a strong balance between a city that\u2019s fun to live in yet runs like a well-oiled machine. The city\u2019s public transportation is comfortable and clean, the streets are safe and well-maintained, and its airport, which offers connections to over two hundred international destinations. As a result, Munich is highly international; with eighteen universities attracting international students and a higher percentage of foreign residents than Berlin, Munich has preserved its rich Bavarian roots while enabling\u00a0other cultures to thrive, too. As Monocle\u2019s Robert Bound explains, \u201cBeer gardens remain the classic summer hangout. The city\u2019s proximity to the Alps, as well as lakes and rivers, means that hiking, skiing, cycling and sailing have been favored pastimes for over a century. Plenty of public space means that everybody gets to enjoy their city.\u201d<\/p>\n<p>More Information about Munich (incl. City Guides):\u00a0<a href=\"https:\/\/www.muenchen.de\/int\/en\/sights.html\">Official Munich Homepage<\/a>\u00a0and various <a href=\"https:\/\/www.munich.travel\/en-gb\/categories\/plan\/munich-guides\">City Guides.<\/a><\/p>\n<\/div><div class=\"fusion-flip-boxes flip-boxes row fusion-columns-2 flip-effect-classic\"><div class=\"fusion-flip-box-wrapper fusion-column col-lg-6 col-md-6 col-sm-6\"><div class=\"fusion-flip-box flip-right\"><div class=\"flip-box-inner-wrapper\"><div class=\"flip-box-front\" style=\"background-color:#f6f6f6;border-color:rgba(0,0,0,0);border-radius:4px;border-style:solid;border-width:1px;color:#747474;transition-duration:0.4s;background-image: url(&#039;http:\/\/modelsconf19.org\/wp-content\/uploads\/2018\/12\/fortiss_Models_Marienplatz-1024x511.png&#039;);\"><div class=\"flip-box-front-inner\"><div class=\"flip-box-grafix flip-box-image\"><img loading=\"lazy\" decoding=\"async\" src=\"http:\/\/modelsconf19.org\/wp-content\/uploads\/2018\/12\/fortiss_Models_Marienplatz-300x150.png\" width=\"35\" height=\"35\" alt=\"\" \/><\/div><\/div><\/div><div class=\"flip-box-back\" style=\"background-color:#1a80b6;border-color:rgba(0,0,0,0);border-radius:4px;border-style:solid;border-width:1px;color:#ffffff;transition-duration:0.4s;\"><div class=\"flip-box-back-inner\">\n<h2>The Neue Rathaus (New Town Hall)<\/h2>\n<p><strong>The Neue Rathaus (New Town Hall) is a magnificent neo-gothic building from the turn of the century which architecturally dominates the north side of Munich\u2019s Marienplatz.<\/strong><\/p>\n<h2>The mayor&#8217;s office<\/h2>\n<p>It\u2019s construction of brick and shell limestone was completed by Georg von Hauberrisser between 1867 and 1874. The swift growth of the city soon required that annexes be built, which were erected between 1899 and 1903 and run along Dienerstra\u00dfe, Landschaftstra\u00dfe, and Weinstra\u00dfe. The Neue Rathaus is the seat of the mayor\u2019s office, the city council, and the headquarters of the city administration.<\/p>\n<\/div><\/div><\/div><\/div><\/div><div class=\"fusion-flip-box-wrapper fusion-column col-lg-6 col-md-6 col-sm-6\"><div class=\"fusion-flip-box flip-right\"><div class=\"flip-box-inner-wrapper\"><div class=\"flip-box-front\" style=\"background-color:#f6f6f6;border-color:rgba(0,0,0,0);border-radius:4px;border-style:solid;border-width:1px;color:#747474;transition-duration:0.4s;background-image: url(&#039;http:\/\/modelsconf19.org\/wp-content\/uploads\/2019\/07\/shutterstock_316204055-1024x683.jpg&#039;);\"><div class=\"flip-box-front-inner\"><\/div><\/div><div class=\"flip-box-back\" style=\"background-color:#1a80b6;border-color:rgba(0,0,0,0);border-radius:4px;border-style:solid;border-width:1px;color:#ffffff;transition-duration:0.4s;\"><div class=\"flip-box-back-inner\">\n<h2>Experience the beer garden culture<\/h2>\n<p>There is nowhere else where you can feel the Munich conviviality as strongly as in one of its many beer gardens. As soon as the first rays of sunshine start warming things up in spring, people are drawn to the shade of the chestnut trees, where they enjoy a little snack. Visitors can bring their own pretzels, obazda (a Bavarian cheese delicacy) and fresh salads; cool beers can be bought there. If you want to be even more comfortable, you can always bring a cushion with you to sit on the beer bench with.<\/p>\n<\/div><\/div><\/div><\/div><\/div><div class=\"fusion-flip-box-wrapper fusion-column col-lg-6 col-md-6 col-sm-6\"><div class=\"fusion-flip-box flip-right\"><div class=\"flip-box-inner-wrapper\"><div class=\"flip-box-front\" style=\"background-color:#f6f6f6;border-color:rgba(0,0,0,0);border-radius:4px;border-style:solid;border-width:1px;color:#747474;transition-duration:0.4s;background-image: url(&#039;http:\/\/modelsconf19.org\/wp-content\/uploads\/2019\/07\/shutterstock_676253638-1024x683.jpg&#039;);\"><div class=\"flip-box-front-inner\"><\/div><\/div><div class=\"flip-box-back\" style=\"background-color:#1a80b6;border-color:rgba(0,0,0,0);border-radius:4px;border-style:solid;border-width:1px;color:#ffffff;transition-duration:0.4s;\"><div class=\"flip-box-back-inner\">\n<h2>The Munich lifestyle in the English Garden<\/h2>\n<p>When winter gives way to spring, it seems like nearly everyone in Munich is drawn to the <a href=\"http:\/\/www.muenchen.de\/sehenswuerdigkeiten\/orte\/120242.html\">Englischer Garten<\/a>(English Garden). Fortunately, there is enough space for everyone to sit on the wide expanse of the lawn. People meet up in the Englischer Garten to have a cold end-of-the-workday beer, to play football or simply to enjoy the sun. You can also frequently listen to amateur musicians at spontaneous concerts \u2013 in the Monopteros, for example. And in between, it\u2019s very relaxing to take a boat out on the Kleinhessseloher See. The Englischer Garten simply embodies the joys of spring.<\/p>\n<\/div><\/div><\/div><\/div><\/div><div class=\"fusion-flip-box-wrapper fusion-column col-lg-6 col-md-6 col-sm-6\"><div class=\"fusion-flip-box flip-right\"><div class=\"flip-box-inner-wrapper\"><div class=\"flip-box-front\" style=\"background-color:#f6f6f6;border-color:rgba(0,0,0,0);border-radius:4px;border-style:solid;border-width:1px;color:#747474;transition-duration:0.4s;background-image: url(&#039;http:\/\/modelsconf19.org\/wp-content\/uploads\/2018\/12\/Bildschirmfoto-2018-12-01-um-20.21.22-1024x586.png&#039;);\"><div class=\"flip-box-front-inner\"><\/div><\/div><div class=\"flip-box-back\" style=\"background-color:#1a80b6;border-color:rgba(0,0,0,0);border-radius:4px;border-style:solid;border-width:1px;color:#ffffff;transition-duration:0.4s;\"><div class=\"flip-box-back-inner\">\n<h2>Museums in Munich&#8230;<\/h2>\n<p><strong>There is a variety of museums in Munich&#8230; Just two examples below:<\/strong><\/p>\n<p><strong>1. The biggest museum for modern art in Germany is being constructed in the immediate vicinity of the Alte and Neu Pinakothek: the Pinakothek der Moderne. In this building on around 15,000 m\u00b2, four outstanding collections will offer an extensive overview of fine applied arts of the 20th century right up to the present<\/strong><\/p>\n<p><strong>2. The trio of BMW Welt, the BMW Museum and BMW Group Plant has developed into one of the most popular days out in Bavaria. BMW Welt is located in front of the BMW Group Headquarters, and it unites the past and present in a single venue. <\/strong><\/p>\n<\/div><\/div><\/div><\/div><\/div><div class=\"fusion-flip-box-wrapper fusion-column col-lg-6 col-md-6 col-sm-6\"><div class=\"fusion-flip-box flip-right\"><div class=\"flip-box-inner-wrapper\"><div class=\"flip-box-front\" style=\"background-color:#f6f6f6;border-color:rgba(0,0,0,0);border-radius:4px;border-style:solid;border-width:1px;color:#747474;transition-duration:0.4s;background-image: url(&#039;http:\/\/modelsconf19.org\/wp-content\/uploads\/2018\/12\/Bildschirmfoto-2018-12-01-um-20.21.45-1024x586.png&#039;);\"><div class=\"flip-box-front-inner\"><\/div><\/div><div class=\"flip-box-back\" style=\"background-color:#1a80b6;border-color:rgba(0,0,0,0);border-radius:4px;border-style:solid;border-width:1px;color:#ffffff;transition-duration:0.4s;\"><div class=\"flip-box-back-inner\">\n<h2>&#8230;starts the day after MODELS 2019!<\/h2>\n<p><strong>Oktoberfest 2019 &#8211; the next &#8222;Wiesn&#8220; &#8211; will take place from September 21 to October 6, 2019.\u00a0<\/strong><\/p>\n<p>The most important information can be found <a href=\"https:\/\/www.muenchen.de\/int\/en\/events\/oktoberfest.html\">here<\/a>.<\/p>\n<\/div><\/div><\/div><\/div><\/div><div class=\"fusion-flip-box-wrapper fusion-column col-lg-6 col-md-6 col-sm-6\"><div class=\"fusion-flip-box flip-right\"><div class=\"flip-box-inner-wrapper\"><div class=\"flip-box-front\" style=\"background-color:#f6f6f6;border-color:rgba(0,0,0,0);border-radius:4px;border-style:solid;border-width:1px;color:#747474;transition-duration:0.4s;background-image: url(&#039;http:\/\/modelsconf19.org\/wp-content\/uploads\/2019\/07\/shutterstock_1375232192-1024x576.jpg&#039;);\"><div class=\"flip-box-front-inner\"><\/div><\/div><div class=\"flip-box-back\" style=\"background-color:#1a80b6;border-color:rgba(0,0,0,0);border-radius:4px;border-style:solid;border-width:1px;color:#ffffff;transition-duration:0.4s;\"><div class=\"flip-box-back-inner\">\n<h2 class=\"card__headline\">Palace Neuschwanstein<\/h2>\n<p><strong>The royal castle of Ludwig II near F\u00fcssen is one of the most visited castles and fortresses in Europe. The architecture and interior furnishings reflect the historically and eclectically oriented ideals of the Bavarian \u201cfairy tale king\u201d. <\/strong><\/p>\n<div class=\"row\">\n<p>In addition to the king\u2019s luxuriously furnished living and presentation rooms, rooms furnished in medieval style for the servants and the historic kitchen can also be viewed. Construction of the castle was not completed during the king\u2019s lifetime. After the death of Ludwig II in 1886, the square tower and the knights\u2019 house (\u201cRitterhaus\u201d) were finished in a simpler fashion. Other sections of the building, like the keep and the chapel designed by Christian Jank, remain unfinished. Especially in the summer months, up to 10,000 visitors daily flock to the formerly isolated refuge of Ludwig II.<\/p>\n<p>Along with Schloss Neuschwanstein, Schloss Linderhof and Schloss Herrenchiemsee are considered the \u201cLudwig castles\u201d and are some of the most popular getaway destinations in Bavaria.<\/p>\n<\/div>\n<\/div><\/div><\/div><\/div><\/div><\/div><div class=\"fusion-clearfix\"><\/div><div class=\"fusion-clearfix\"><\/div>\n\n\t\t\t\t\t<\/div>\n\t\t\t\t<\/div><\/div><\/div>\n","protected":false},"excerpt":{"rendered":"","protected":false},"author":2,"featured_media":0,"parent":0,"menu_order":0,"comment_status":"closed","ping_status":"closed","template":"","meta":{"footnotes":""},"_links":{"self":[{"href":"https:\/\/modelsconf19.org\/index.php?rest_route=\/wp\/v2\/pages\/664"}],"collection":[{"href":"https:\/\/modelsconf19.org\/index.php?rest_route=\/wp\/v2\/pages"}],"about":[{"href":"https:\/\/modelsconf19.org\/index.php?rest_route=\/wp\/v2\/types\/page"}],"author":[{"embeddable":true,"href":"https:\/\/modelsconf19.org\/index.php?rest_route=\/wp\/v2\/users\/2"}],"replies":[{"embeddable":true,"href":"https:\/\/modelsconf19.org\/index.php?rest_route=%2Fwp%2Fv2%2Fcomments&post=664"}],"version-history":[{"count":23,"href":"https:\/\/modelsconf19.org\/index.php?rest_route=\/wp\/v2\/pages\/664\/revisions"}],"predecessor-version":[{"id":1437,"href":"https:\/\/modelsconf19.org\/index.php?rest_route=\/wp\/v2\/pages\/664\/revisions\/1437"}],"wp:attachment":[{"href":"https:\/\/modelsconf19.org\/index.php?rest_route=%2Fwp%2Fv2%2Fmedia&parent=664"}],"curies":[{"name":"wp","href":"https:\/\/api.w.org\/{rel}","templated":true}]}}